{"id":25,"date":"2016-03-05T21:07:45","date_gmt":"2016-03-05T21:07:45","guid":{"rendered":"https:\/\/sustentabilidad.org.ar\/en\/?page_id=25"},"modified":"2023-11-29T18:20:11","modified_gmt":"2023-11-29T18:20:11","slug":"advisory-board","status":"publish","type":"page","link":"https:\/\/sustentabilidad.org.ar\/en\/advisory-board\/","title":{"rendered":"Advisory Board"},"content":{"rendered":"<div class=\"row\">\n<div class=\"span12\">\n<div class=\"how-we-can-help-wrap\">\n<figure class=\"thumbnail alignnone clearfix\">\n<div class=\"row-fluid\">\n<div class=\"clear\"><\/div>\n<p style=\"margin: 11px\"><span style=\"font-size: 12pt; color:#444444\">The IESC has developed an Advisory Board consisting of:<\/span><\/p>\n<p style=\"margin: 11px\"><span style=\"font-size: 12pt; color:#444444\"><b>Mark Milstein<\/b> (Center for Sustainable Global Enterprise, Cornell University\u2019s Johnson School of Management, USA).<\/span><\/p>\n<p style=\"margin: 11px\"><span style=\"font-size: 12pt; color:#444444\"><b>Stuart L. Hart<\/b> (Grossman Distinguished Fellow, Grossman School of Business, The Vermont University).<\/span><\/p>\n<p style=\"margin: 11px\"><span style=\"font-size: 12pt; color:#444444\"><b>Jos\u00e9 Ant\u00f4nio Puppim de Oliveira<\/b> (Academic in Getulio Vargas Foundation (Funda\u00e7\u00e3o Getulio Vargas, FGV) and S\u00e3o Paulo School of Management (Escola de Administra\u00e7\u00e3o de Empresas de S\u00e3o Paulo, EAESP)).<\/span><\/p>\n<\/div>\n<\/figure>\n<\/div>\n<\/div>\n<\/div>\n","protected":false},"excerpt":{"rendered":"<p>The IESC has developed an Advisory Board consisting of: Mark Milstein (Center for Sustainable Global Enterprise, Cornell University\u2019s Johnson School of Management, USA). Stuart L. Hart (Grossman Distinguished Fellow, Grossman School of Business, The Vermont University). Jos\u00e9 Ant\u00f4nio Puppim de Oliveira (Academic in Getulio Vargas Foundation (Funda\u00e7\u00e3o Getulio Vargas, FGV) and S\u00e3o Paulo School of Management (Escola de Administra\u00e7\u00e3o de&nbsp;<a href=\"https:\/\/sustentabilidad.org.ar\/en\/advisory-board\/\" class=\"read-more\">Seguir leyendo<\/a><\/p>\n","protected":false},"author":2,"featured_media":0,"parent":0,"menu_order":0,"comment_status":"closed","ping_status":"closed","template":"page-fullwidth.php","meta":{"footnotes":""},"class_list":["post-25","page","type-page","status-publish","hentry"],"_links":{"self":[{"href":"https:\/\/sustentabilidad.org.ar\/en\/wp-json\/wp\/v2\/pages\/25"}],"collection":[{"href":"https:\/\/sustentabilidad.org.ar\/en\/wp-json\/wp\/v2\/pages"}],"about":[{"href":"https:\/\/sustentabilidad.org.ar\/en\/wp-json\/wp\/v2\/types\/page"}],"author":[{"embeddable":true,"href":"https:\/\/sustentabilidad.org.ar\/en\/wp-json\/wp\/v2\/users\/2"}],"replies":[{"embeddable":true,"href":"https:\/\/sustentabilidad.org.ar\/en\/wp-json\/wp\/v2\/comments?post=25"}],"version-history":[{"count":6,"href":"https:\/\/sustentabilidad.org.ar\/en\/wp-json\/wp\/v2\/pages\/25\/revisions"}],"predecessor-version":[{"id":128,"href":"https:\/\/sustentabilidad.org.ar\/en\/wp-json\/wp\/v2\/pages\/25\/revisions\/128"}],"wp:attachment":[{"href":"https:\/\/sustentabilidad.org.ar\/en\/wp-json\/wp\/v2\/media?parent=25"}],"curies":[{"name":"wp","href":"https:\/\/api.w.org\/{rel}","templated":true}]}}