{"id":24,"date":"2016-02-01T12:39:43","date_gmt":"2016-02-01T12:39:43","guid":{"rendered":"https:\/\/sustentabilidad.org.ar\/es\/?page_id=24"},"modified":"2023-11-29T18:19:22","modified_gmt":"2023-11-29T18:19:22","slug":"consejo-de-consulta","status":"publish","type":"page","link":"https:\/\/sustentabilidad.org.ar\/es\/consejo-de-consulta\/","title":{"rendered":"Consejo de Consulta"},"content":{"rendered":"<div class=\"row\">\n<div class=\"span12\">\n<div class=\"how-we-can-help-wrap\">\n<figure class=\"thumbnail alignnone clearfix\">\n<div class=\"row-fluid\">\n<div class=\"clear\"><\/div>\n<p style=\"margin: 11px\"><span style=\"font-size: 12pt; color:#444444\">El IESC ha desarrollado un Consejo de Consulta cuyos miembros son:<\/span><\/p>\n<p style=\"margin: 11px\"><span style=\"font-size: 12pt; color:#444444\"><b>Mark Milstein<\/b> (Center for Sustainable Global Enterprise, Cornell University\u00b4s Johnson School of Management, USA).<\/span><\/p>\n<p style=\"margin: 11px\"><span style=\"font-size: 12pt; color:#444444\"><b>Stuart L. Hart<\/b> (Grossman Distinguished Fellow, Grossman School of Business, The Vermont University).<\/span><\/p>\n<p style=\"margin: 11px\"><span style=\"font-size: 12pt; color:#444444\"><b>Jos\u00e9 Ant\u00f4nio Puppim de Oliveira<\/b> (Profesor de la Funda\u00e7\u00e3o Getulio Vargas y de la S\u00e3o Paulo School of Management (EAESP) (Escola de Administra\u00e7\u00e3o de Empresas de S\u00e3o Paulo)).<\/span><\/p>\n<\/div>\n<\/figure>\n<\/div>\n<\/div>\n<\/div>\n","protected":false},"excerpt":{"rendered":"<p>El IESC ha desarrollado un Consejo de Consulta cuyos miembros son: Mark Milstein (Center for Sustainable Global Enterprise, Cornell University\u00b4s Johnson School of Management, USA). Stuart L. Hart (Grossman Distinguished Fellow, Grossman School of Business, The Vermont University). Jos\u00e9 Ant\u00f4nio Puppim de Oliveira (Profesor de la Funda\u00e7\u00e3o Getulio Vargas y de la S\u00e3o Paulo School of Management (EAESP) (Escola de&nbsp;<a href=\"https:\/\/sustentabilidad.org.ar\/es\/consejo-de-consulta\/\" class=\"read-more\">Seguir leyendo<\/a><\/p>\n","protected":false},"author":2,"featured_media":0,"parent":0,"menu_order":0,"comment_status":"closed","ping_status":"closed","template":"page-fullwidth.php","meta":{"footnotes":""},"class_list":["post-24","page","type-page","status-publish","hentry"],"_links":{"self":[{"href":"https:\/\/sustentabilidad.org.ar\/es\/wp-json\/wp\/v2\/pages\/24"}],"collection":[{"href":"https:\/\/sustentabilidad.org.ar\/es\/wp-json\/wp\/v2\/pages"}],"about":[{"href":"https:\/\/sustentabilidad.org.ar\/es\/wp-json\/wp\/v2\/types\/page"}],"author":[{"embeddable":true,"href":"https:\/\/sustentabilidad.org.ar\/es\/wp-json\/wp\/v2\/users\/2"}],"replies":[{"embeddable":true,"href":"https:\/\/sustentabilidad.org.ar\/es\/wp-json\/wp\/v2\/comments?post=24"}],"version-history":[{"count":6,"href":"https:\/\/sustentabilidad.org.ar\/es\/wp-json\/wp\/v2\/pages\/24\/revisions"}],"predecessor-version":[{"id":198,"href":"https:\/\/sustentabilidad.org.ar\/es\/wp-json\/wp\/v2\/pages\/24\/revisions\/198"}],"wp:attachment":[{"href":"https:\/\/sustentabilidad.org.ar\/es\/wp-json\/wp\/v2\/media?parent=24"}],"curies":[{"name":"wp","href":"https:\/\/api.w.org\/{rel}","templated":true}]}}