{"id":28,"date":"2016-02-01T12:40:45","date_gmt":"2016-02-01T12:40:45","guid":{"rendered":"https:\/\/sustentabilidad.org.ar\/es\/?page_id=28"},"modified":"2023-11-29T18:47:57","modified_gmt":"2023-11-29T18:47:57","slug":"de-estudios-para-el-lujo-sustentable","status":"publish","type":"page","link":"https:\/\/sustentabilidad.org.ar\/es\/de-estudios-para-el-lujo-sustentable\/","title":{"rendered":"Centro de Estudios para el Lujo Sustentable"},"content":{"rendered":"<style>\n A:link {\n         Color: #444444; TEXT-DECORATION: none\n }\n A:visited {\n\tCOLOR: #444444; TEXT-DECORATION: none\n}\nA:active {\n\tCOLOR: #444444; TEXT-DECORATION: none\n}\nA:hover {\n\tCOLOR: #444444; TEXT-DECORATION: underline\n}\n<\/style>\n<div class=\"row\">\n<div class=\"span12\">\n<div class=\"how-we-can-help-wrap\">\n<figure class=\"thumbnail alignnone clearfix\">\n<div class=\"row-fluid\">\n<div class=\"clear\"><\/div>\n<p style=\"margin: 11px\"><span style=\"font-size: 12pt; color:#444444;\">El Instituto de Estudios para la Sustentabilidad Corporativa -perteneciente a la Fundaci\u00f3n de Estudios e Investigaciones Superiores- ha decidido crear, en 2009\/2010, el <b>Centro de Estudios para el Lujo Sustentable<\/b>. La misi\u00f3n de este Centro de asistir a las empresas del sector en la transformaci\u00f3n hacia la sustentabilidad, alentando pr\u00e1cticas de negocios sustentables en todas las \u00e1reas de la organizaci\u00f3n y de su cadena de abastecimiento. Para m\u00e1s informaci\u00f3n <a href=\"https:\/\/lujosustentable.org\/es\/\" target=\"_blank\"><b>clickee aqu\u00ed<\/b><\/a>.<\/span><\/p>\n<p align=\"center\"><img decoding=\"async\" src=\"https:\/\/lujosustentable.org\/es\/wp-content\/uploads\/2022\/01\/lujoblanco.jpg\"><\/p>\n<\/div>\n<\/figure>\n<\/div>\n<\/div>\n<\/div>\n","protected":false},"excerpt":{"rendered":"<p>El Instituto de Estudios para la Sustentabilidad Corporativa -perteneciente a la Fundaci\u00f3n de Estudios e Investigaciones Superiores- ha decidido crear, en 2009\/2010, el Centro de Estudios para el Lujo Sustentable. La misi\u00f3n de este Centro de asistir a las empresas del sector en la transformaci\u00f3n hacia la sustentabilidad, alentando pr\u00e1cticas de negocios sustentables en todas las \u00e1reas de la organizaci\u00f3n&nbsp;<a href=\"https:\/\/sustentabilidad.org.ar\/es\/de-estudios-para-el-lujo-sustentable\/\" class=\"read-more\">Seguir leyendo<\/a><\/p>\n","protected":false},"author":2,"featured_media":0,"parent":0,"menu_order":0,"comment_status":"closed","ping_status":"closed","template":"page-fullwidth.php","meta":{"footnotes":""},"class_list":["post-28","page","type-page","status-publish","hentry"],"_links":{"self":[{"href":"https:\/\/sustentabilidad.org.ar\/es\/wp-json\/wp\/v2\/pages\/28"}],"collection":[{"href":"https:\/\/sustentabilidad.org.ar\/es\/wp-json\/wp\/v2\/pages"}],"about":[{"href":"https:\/\/sustentabilidad.org.ar\/es\/wp-json\/wp\/v2\/types\/page"}],"author":[{"embeddable":true,"href":"https:\/\/sustentabilidad.org.ar\/es\/wp-json\/wp\/v2\/users\/2"}],"replies":[{"embeddable":true,"href":"https:\/\/sustentabilidad.org.ar\/es\/wp-json\/wp\/v2\/comments?post=28"}],"version-history":[{"count":6,"href":"https:\/\/sustentabilidad.org.ar\/es\/wp-json\/wp\/v2\/pages\/28\/revisions"}],"predecessor-version":[{"id":203,"href":"https:\/\/sustentabilidad.org.ar\/es\/wp-json\/wp\/v2\/pages\/28\/revisions\/203"}],"wp:attachment":[{"href":"https:\/\/sustentabilidad.org.ar\/es\/wp-json\/wp\/v2\/media?parent=28"}],"curies":[{"name":"wp","href":"https:\/\/api.w.org\/{rel}","templated":true}]}}