{"id":6,"date":"2016-02-01T12:05:38","date_gmt":"2016-02-01T12:05:38","guid":{"rendered":"https:\/\/sustentabilidad.org.ar\/es\/?page_id=6"},"modified":"2016-03-17T21:42:55","modified_gmt":"2016-03-17T21:42:55","slug":"home","status":"publish","type":"page","link":"https:\/\/sustentabilidad.org.ar\/es\/","title":{"rendered":"Home"},"content":{"rendered":"<div class=\"row\">\n<div class=\"span12\">\n<div class=\"how-we-can-help-wrap\">\n<h1><span style=\"font-size: 13pt; color:#444444\">Sustentabilidad Corporativa<\/span><\/h1>\n<figure class=\"thumbnail alignnone clearfix\">\n<div class=\"row-fluid\">\n<div class=\"clear\"><\/div>\n<p style=\"margin: 11px\"><span style=\"font-size: 12pt; color:#444444\">La aptitud de crear valor sustentable -es decir, valor para los accionistas a la vez que, en forma simult\u00e1nea, se desarrolla un mundo sustentable- constituye una gran oportunidad que a\u00fan debe ser desarrollada.<\/span><\/p>\n<p style=\"margin: 11px\"><span style=\"font-size: 12pt; color:#444444\">Para capturar las oportunidades derivadas del desaf\u00edo de la sustentabilidad, los ejecutivos deben, fundamentalmente, repensar sus puntos de vista prevalecientes sobre estrategia, tecnolog\u00eda y mercados. As\u00ed se podr\u00e1n distinguir nuevas oportunidades de negocios. Aqu\u00e9llos que traten al desarrollo sustentable como una oportunidad, manejar\u00e1n el proceso denominado \u201cdestrucci\u00f3n creativa\u201d y fundar\u00e1n las competencias necesarias para competir en este siglo 21.<\/span><\/p>\n<p style=\"margin: 11px\"><span style=\"font-size: 12pt; color:#444444\">De esta manera, nace en el 2003 el <b>Instituto de Estudios para la Sustentabilidad Corporativa, IESC<\/b>, perteneciente a la <i>Fundaci\u00f3n de Estudios e Investigaciones Superiores<\/i> y lo hace como una evoluci\u00f3n acad\u00e9mica del Instituto de Estudios para el Management Ambiental (IEMA) originalmente creado en 1999.<\/span><\/p>\n<\/div>\n<\/figure>\n<\/div>\n<\/div>\n<\/div>\n","protected":false},"excerpt":{"rendered":"<p>Sustentabilidad Corporativa La aptitud de crear valor sustentable -es decir, valor para los accionistas a la vez que, en forma simult\u00e1nea, se desarrolla un mundo sustentable- constituye una gran oportunidad que a\u00fan debe ser desarrollada. Para capturar las oportunidades derivadas del desaf\u00edo de la sustentabilidad, los ejecutivos deben, fundamentalmente, repensar sus puntos de vista prevalecientes sobre estrategia, tecnolog\u00eda y mercados.&nbsp;<a href=\"https:\/\/sustentabilidad.org.ar\/es\/\" class=\"read-more\">Seguir leyendo<\/a><\/p>\n","protected":false},"author":2,"featured_media":0,"parent":0,"menu_order":0,"comment_status":"closed","ping_status":"closed","template":"page-home.php","meta":{"footnotes":""},"class_list":["post-6","page","type-page","status-publish","hentry"],"_links":{"self":[{"href":"https:\/\/sustentabilidad.org.ar\/es\/wp-json\/wp\/v2\/pages\/6"}],"collection":[{"href":"https:\/\/sustentabilidad.org.ar\/es\/wp-json\/wp\/v2\/pages"}],"about":[{"href":"https:\/\/sustentabilidad.org.ar\/es\/wp-json\/wp\/v2\/types\/page"}],"author":[{"embeddable":true,"href":"https:\/\/sustentabilidad.org.ar\/es\/wp-json\/wp\/v2\/users\/2"}],"replies":[{"embeddable":true,"href":"https:\/\/sustentabilidad.org.ar\/es\/wp-json\/wp\/v2\/comments?post=6"}],"version-history":[{"count":11,"href":"https:\/\/sustentabilidad.org.ar\/es\/wp-json\/wp\/v2\/pages\/6\/revisions"}],"predecessor-version":[{"id":50,"href":"https:\/\/sustentabilidad.org.ar\/es\/wp-json\/wp\/v2\/pages\/6\/revisions\/50"}],"wp:attachment":[{"href":"https:\/\/sustentabilidad.org.ar\/es\/wp-json\/wp\/v2\/media?parent=6"}],"curies":[{"name":"wp","href":"https:\/\/api.w.org\/{rel}","templated":true}]}}